{"id":41,"date":"2025-07-02T01:38:14","date_gmt":"2025-07-02T01:38:14","guid":{"rendered":"https:\/\/icondh.org.br\/novo\/?page_id=41"},"modified":"2025-08-15T18:45:26","modified_gmt":"2025-08-15T18:45:26","slug":"sistemas","status":"publish","type":"page","link":"https:\/\/icondh.org.br\/novo\/sistemas\/","title":{"rendered":"Sistemas"},"content":{"rendered":"\t\t<div data-elementor-type=\"wp-page\" data-elementor-id=\"41\" class=\"elementor elementor-41\" data-elementor-post-type=\"page\">\n\t\t\t\t<div class=\"elementor-element elementor-element-9fb9127 e-flex e-con-boxed e-con e-parent\" data-id=\"9fb9127\" data-element_type=\"container\" data-e-type=\"container\" data-settings=\"{&quot;background_background&quot;:&quot;classic&quot;}\">\n\t\t\t\t\t<div class=\"e-con-inner\">\n\t\t\t\t<div class=\"elementor-element elementor-element-a13199d premium-header-inline premium-lq__none premium-box-lq__none elementor-invisible elementor-widget elementor-widget-premium-addon-dual-header\" data-id=\"a13199d\" data-element_type=\"widget\" data-e-type=\"widget\" data-settings=\"{&quot;_animation&quot;:&quot;slideInUp&quot;}\" data-widget_type=\"premium-addon-dual-header.default\">\n\t\t\t\t<div class=\"elementor-widget-container\">\n\t\t\t\t\t\n\t\t\t\t\t<h2 class=\"premium-dual-header-first-header \"><span class=\"premium-dual-header-first-span\">Sistemas <\/span><span class=\"premium-dual-header-second-header \">ICONDH<\/span><\/h2> \t\t\n\t\t\t\t\t\t<\/div>\n\t\t\t\t<\/div>\n\t\t\t\t<div class=\"elementor-element elementor-element-1bcfdc4 elementor-widget__width-initial elementor-invisible elementor-widget elementor-widget-text-editor\" data-id=\"1bcfdc4\" data-element_type=\"widget\" data-e-type=\"widget\" data-settings=\"{&quot;_animation&quot;:&quot;slideInUp&quot;}\" data-widget_type=\"text-editor.default\">\n\t\t\t\t\t\t\t\t\t<section id=\"comp-mb81o9l5\" class=\"Oqnisf comp-mb81o9l5 wixui-section\" tabindex=\"-1\" data-block-level-container=\"ClassicSection\" aria-label=\"main content\"><div class=\"\" data-mesh-id=\"comp-mb81o9l5inlineContent\" data-testid=\"inline-content\"><div data-mesh-id=\"comp-mb81o9l5inlineContent-gridContainer\" data-testid=\"mesh-container-content\"><section id=\"comp-mb81o9l91\" class=\"comp-mb81o9l91 CohWsy wixui-column-strip\"><div class=\"V5AUxf\" data-testid=\"columns\"><div id=\"comp-mb81o9lg\" class=\"comp-mb81o9lg YzqVVZ wixui-column-strip__column\"><div class=\"\" data-mesh-id=\"comp-mb81o9lginlineContent\" data-testid=\"inline-content\"><div data-mesh-id=\"comp-mb81o9lginlineContent-gridContainer\" data-testid=\"mesh-container-content\"><div id=\"comp-mbim48ee\" class=\"jbrj02 comp-mbim48ee\"><div class=\"\" data-mesh-id=\"comp-mbim48eeinlineContent\" data-testid=\"inline-content\"><div data-mesh-id=\"comp-mbim48eeinlineContent-gridContainer\" data-testid=\"mesh-container-content\"><div id=\"comp-mb81o9ls\" class=\"Z_l5lU ku3DBC zQ9jDz qvSjx3 Vq6kJx comp-mb81o9ls wixui-rich-text\" data-testid=\"richTextElement\"><p data-start=\"252\" data-end=\"314\">Conhecimento que transforma. A\u00e7\u00e3o que constr\u00f3i.<\/p><\/div><\/div><\/div><\/div><\/div><\/div><\/div><\/div><\/section><\/div><\/div><\/section>\t\t\t\t\t\t\t\t<\/div>\n\t\t\t\t\t<\/div>\n\t\t\t\t<\/div>\n\t\t<div class=\"elementor-element elementor-element-d93adcd e-flex e-con-boxed e-con e-parent\" data-id=\"d93adcd\" data-element_type=\"container\" data-e-type=\"container\">\n\t\t\t\t\t<div class=\"e-con-inner\">\n\t\t\t\t<div class=\"elementor-element elementor-element-5fd27b4 elementor-widget elementor-widget-spacer\" data-id=\"5fd27b4\" data-element_type=\"widget\" data-e-type=\"widget\" data-widget_type=\"spacer.default\">\n\t\t\t\t\t\t\t<div class=\"elementor-spacer\">\n\t\t\t<div class=\"elementor-spacer-inner\"><\/div>\n\t\t<\/div>\n\t\t\t\t\t\t<\/div>\n\t\t\t\t<div class=\"elementor-element elementor-element-01d2318 elementor-widget elementor-widget-progress\" data-id=\"01d2318\" data-element_type=\"widget\" data-e-type=\"widget\" data-widget_type=\"progress.default\">\n\t\t\t\t\t\n\t\t<div class=\"elementor-progress-wrapper\" role=\"progressbar\" aria-valuemin=\"0\" aria-valuemax=\"100\" aria-valuenow=\"88\" aria-valuetext=\"88% (Nossos sistemas est\u00e3o em processo de implanta\u00e7\u00e3o.\u200b)\">\n\t\t\t<div class=\"elementor-progress-bar\" data-max=\"88\">\n\t\t\t\t<span class=\"elementor-progress-text\">Nossos sistemas est\u00e3o em processo de implanta\u00e7\u00e3o.\u200b<\/span>\n\t\t\t\t\t\t\t\t\t<span class=\"elementor-progress-percentage\">88%<\/span>\n\t\t\t\t\t\t\t<\/div>\n\t\t<\/div>\n\t\t\t\t\t\t<\/div>\n\t\t\t\t<div class=\"elementor-element elementor-element-8a2cfaa elementor-widget elementor-widget-spacer\" data-id=\"8a2cfaa\" data-element_type=\"widget\" data-e-type=\"widget\" data-widget_type=\"spacer.default\">\n\t\t\t\t\t\t\t<div class=\"elementor-spacer\">\n\t\t\t<div class=\"elementor-spacer-inner\"><\/div>\n\t\t<\/div>\n\t\t\t\t\t\t<\/div>\n\t\t\t\t\t<\/div>\n\t\t\t\t<\/div>\n\t\t\t\t<\/div>\n\t\t","protected":false},"excerpt":{"rendered":"<p>Sistemas ICONDH Conhecimento que transforma. A\u00e7\u00e3o que constr\u00f3i. Nossos sistemas est\u00e3o em processo de implanta\u00e7\u00e3o.\u200b 88%<\/p>\n","protected":false},"author":1,"featured_media":0,"parent":0,"menu_order":0,"comment_status":"closed","ping_status":"closed","template":"","meta":{"footnotes":""},"class_list":["post-41","page","type-page","status-publish","hentry"],"_links":{"self":[{"href":"https:\/\/icondh.org.br\/novo\/wp-json\/wp\/v2\/pages\/41","targetHints":{"allow":["GET"]}}],"collection":[{"href":"https:\/\/icondh.org.br\/novo\/wp-json\/wp\/v2\/pages"}],"about":[{"href":"https:\/\/icondh.org.br\/novo\/wp-json\/wp\/v2\/types\/page"}],"author":[{"embeddable":true,"href":"https:\/\/icondh.org.br\/novo\/wp-json\/wp\/v2\/users\/1"}],"replies":[{"embeddable":true,"href":"https:\/\/icondh.org.br\/novo\/wp-json\/wp\/v2\/comments?post=41"}],"version-history":[{"count":10,"href":"https:\/\/icondh.org.br\/novo\/wp-json\/wp\/v2\/pages\/41\/revisions"}],"predecessor-version":[{"id":819,"href":"https:\/\/icondh.org.br\/novo\/wp-json\/wp\/v2\/pages\/41\/revisions\/819"}],"wp:attachment":[{"href":"https:\/\/icondh.org.br\/novo\/wp-json\/wp\/v2\/media?parent=41"}],"curies":[{"name":"wp","href":"https:\/\/api.w.org\/{rel}","templated":true}]}}