{"id":293,"date":"2025-07-03T14:23:18","date_gmt":"2025-07-03T14:23:18","guid":{"rendered":"https:\/\/icondh.org.br\/novo\/?page_id=293"},"modified":"2025-08-15T22:40:12","modified_gmt":"2025-08-15T22:40:12","slug":"sobre","status":"publish","type":"page","link":"https:\/\/icondh.org.br\/novo\/sobre\/","title":{"rendered":"Sobre N\u00f3s"},"content":{"rendered":"\t\t<div data-elementor-type=\"wp-page\" data-elementor-id=\"293\" class=\"elementor elementor-293\" data-elementor-post-type=\"page\">\n\t\t\t\t<div class=\"elementor-element elementor-element-f4a26a7 e-flex e-con-boxed e-con e-parent\" data-id=\"f4a26a7\" data-element_type=\"container\" data-e-type=\"container\" data-settings=\"{&quot;background_background&quot;:&quot;classic&quot;}\">\n\t\t\t\t\t<div class=\"e-con-inner\">\n\t\t\t\t<div class=\"elementor-element elementor-element-1fde7b8 premium-header-inline premium-lq__none premium-box-lq__none elementor-invisible elementor-widget elementor-widget-premium-addon-dual-header\" data-id=\"1fde7b8\" data-element_type=\"widget\" data-e-type=\"widget\" data-settings=\"{&quot;_animation&quot;:&quot;slideInUp&quot;}\" data-widget_type=\"premium-addon-dual-header.default\">\n\t\t\t\t<div class=\"elementor-widget-container\">\n\t\t\t\t\t\n\t\t\t\t\t<h2 class=\"premium-dual-header-first-header \"><span class=\"premium-dual-header-first-span\">Sobre <\/span><span class=\"premium-dual-header-second-header \">n\u00f3s<\/span><\/h2> \t\t\n\t\t\t\t\t\t<\/div>\n\t\t\t\t<\/div>\n\t\t\t\t<div class=\"elementor-element elementor-element-007bbbd elementor-widget__width-initial elementor-invisible elementor-widget elementor-widget-text-editor\" data-id=\"007bbbd\" data-element_type=\"widget\" data-e-type=\"widget\" data-settings=\"{&quot;_animation&quot;:&quot;slideInUp&quot;}\" data-widget_type=\"text-editor.default\">\n\t\t\t\t\t\t\t\t\t<section id=\"comp-mb81o9l5\" class=\"Oqnisf comp-mb81o9l5 wixui-section\" tabindex=\"-1\" data-block-level-container=\"ClassicSection\" aria-label=\"main content\"><div class=\"\" data-mesh-id=\"comp-mb81o9l5inlineContent\" data-testid=\"inline-content\"><div data-mesh-id=\"comp-mb81o9l5inlineContent-gridContainer\" data-testid=\"mesh-container-content\"><section id=\"comp-mb81o9l91\" class=\"comp-mb81o9l91 CohWsy wixui-column-strip\"><div class=\"V5AUxf\" data-testid=\"columns\"><div id=\"comp-mb81o9lg\" class=\"comp-mb81o9lg YzqVVZ wixui-column-strip__column\"><div class=\"\" data-mesh-id=\"comp-mb81o9lginlineContent\" data-testid=\"inline-content\"><div data-mesh-id=\"comp-mb81o9lginlineContent-gridContainer\" data-testid=\"mesh-container-content\"><div id=\"comp-mbim48ee\" class=\"jbrj02 comp-mbim48ee\"><div class=\"\" data-mesh-id=\"comp-mbim48eeinlineContent\" data-testid=\"inline-content\"><div data-mesh-id=\"comp-mbim48eeinlineContent-gridContainer\" data-testid=\"mesh-container-content\"><div id=\"comp-mb81o9ls\" class=\"Z_l5lU ku3DBC zQ9jDz qvSjx3 Vq6kJx comp-mb81o9ls wixui-rich-text\" data-testid=\"richTextElement\"><p data-start=\"252\" data-end=\"314\">Conhecimento que transforma. A\u00e7\u00e3o que constr\u00f3i.<\/p><\/div><\/div><\/div><\/div><\/div><\/div><\/div><\/div><\/section><\/div><\/div><\/section>\t\t\t\t\t\t\t\t<\/div>\n\t\t\t\t\t<\/div>\n\t\t\t\t<\/div>\n\t\t<div class=\"elementor-element elementor-element-82eaa12 e-flex e-con-boxed e-con e-parent\" data-id=\"82eaa12\" data-element_type=\"container\" data-e-type=\"container\">\n\t\t\t\t\t<div class=\"e-con-inner\">\n\t\t\t\t<div class=\"elementor-element elementor-element-0c138bc elementor-widget elementor-widget-text-editor\" data-id=\"0c138bc\" data-element_type=\"widget\" data-e-type=\"widget\" data-widget_type=\"text-editor.default\">\n\t\t\t\t\t\t\t\t\t<p class=\"font_8 wixui-rich-text__text\"><span class=\"color_37 wixui-rich-text__text\">O\u00a0<span class=\"wixui-rich-text__text\">Instituto do Conhecimento, Desenvolvimento Humano e Social (ICONDH)<\/span>\u00a0\u00e9 uma organiza\u00e7\u00e3o da sociedade civil, sem fins lucrativos, que atua na promo\u00e7\u00e3o do desenvolvimento humano e social por meio da educa\u00e7\u00e3o, pesquisa, inova\u00e7\u00e3o e fortalecimento das pol\u00edticas p\u00fablicas.<\/span><\/p><p class=\"font_8 wixui-rich-text__text\"><span class=\"color_37 wixui-rich-text__text\">Com sede em Cuiab\u00e1\/MT e atua\u00e7\u00e3o em todo o territ\u00f3rio nacional, o ICONDH realiza projetos, estudos, forma\u00e7\u00f5es e a\u00e7\u00f5es colaborativas que impactam positivamente a vida de pessoas e comunidades. <\/span><\/p><p>A institui\u00e7\u00e3o acredita que o conhecimento \u00e9 a chave para transformar realidades e construir um futuro mais justo, \u00e9tico e sustent\u00e1vel.<\/p>\t\t\t\t\t\t\t\t<\/div>\n\t\t\t\t\t<\/div>\n\t\t\t\t<\/div>\n\t\t<div class=\"elementor-element elementor-element-b0bf56b e-flex e-con-boxed e-con e-parent\" data-id=\"b0bf56b\" data-element_type=\"container\" data-e-type=\"container\">\n\t\t\t\t\t<div class=\"e-con-inner\">\n\t\t<div class=\"elementor-element elementor-element-9988de4 e-flex e-con-boxed e-con e-child\" data-id=\"9988de4\" data-element_type=\"container\" data-e-type=\"container\" data-settings=\"{&quot;background_background&quot;:&quot;classic&quot;}\">\n\t\t\t\t\t<div class=\"e-con-inner\">\n\t\t\t\t<div class=\"elementor-element elementor-element-7da03b9 elementor-flip-box--effect-flip elementor-flip-box--direction-up elementor-widget elementor-widget-flip-box\" data-id=\"7da03b9\" data-element_type=\"widget\" data-e-type=\"widget\" data-widget_type=\"flip-box.default\">\n\t\t\t\t\t\t\t<div class=\"elementor-flip-box\" tabindex=\"0\">\n\t\t\t<div class=\"elementor-flip-box__layer elementor-flip-box__front\">\n\t\t\t\t<div class=\"elementor-flip-box__layer__overlay\">\n\t\t\t\t\t<div class=\"elementor-flip-box__layer__inner\">\n\t\t\t\t\t\t\t\t\t\t\t\t\t<div class=\"elementor-flip-box__image\">\n\t\t\t\t\t\t\t\t<img decoding=\"async\" width=\"64\" height=\"64\" src=\"https:\/\/icondh.org.br\/novo\/wp-content\/uploads\/2025\/08\/missao.svg\" class=\"attachment-full size-full wp-image-619\" alt=\"\" \/>\t\t\t\t\t\t\t<\/div>\n\t\t\t\t\t\t\n\t\t\t\t\t\t\t\t\t\t\t\t\t<h3 class=\"elementor-flip-box__layer__title\">\n\t\t\t\t\t\t\t\tMiss\u00e3o\t\t\t\t\t\t\t<\/h3>\n\t\t\t\t\t\t\n\t\t\t\t\t\t\t\t\t\t\t<\/div>\n\t\t\t\t<\/div>\n\t\t\t<\/div>\n\t\t\t<div class=\"elementor-flip-box__layer elementor-flip-box__back\">\n\t\t\t<div class=\"elementor-flip-box__layer__overlay\">\n\t\t\t\t<div class=\"elementor-flip-box__layer__inner\">\n\t\t\t\t\t\t\t\t\t\t\t<h3 class=\"elementor-flip-box__layer__title\">\n\t\t\t\t\t\t\tMiss\u00e3o\t\t\t\t\t\t<\/h3>\n\t\t\t\t\t\n\t\t\t\t\t\t\t\t\t\t\t<div class=\"elementor-flip-box__layer__description\">\n\t\t\t\t\t\t\tPromover o desenvolvimento humano e social por meio da educa\u00e7\u00e3o, pesquisa, inova\u00e7\u00e3o e fortalecimento das pol\u00edticas p\u00fablicas.\t\t\t\t\t\t<\/div>\n\t\t\t\t\t\n\t\t\t\t\t\t\t\t<\/div>\n\t\t<\/div>\n\t\t<\/div>\n\t\t<\/div>\n\t\t\t\t\t\t<\/div>\n\t\t\t\t\t<\/div>\n\t\t\t\t<\/div>\n\t\t<div class=\"elementor-element elementor-element-8875654 e-flex e-con-boxed e-con e-child\" data-id=\"8875654\" data-element_type=\"container\" data-e-type=\"container\" data-settings=\"{&quot;background_background&quot;:&quot;classic&quot;}\">\n\t\t\t\t\t<div class=\"e-con-inner\">\n\t\t\t\t<div class=\"elementor-element elementor-element-772841d elementor-flip-box--effect-flip elementor-flip-box--direction-up elementor-widget elementor-widget-flip-box\" data-id=\"772841d\" data-element_type=\"widget\" data-e-type=\"widget\" data-widget_type=\"flip-box.default\">\n\t\t\t\t\t\t\t<div class=\"elementor-flip-box\" tabindex=\"0\">\n\t\t\t<div class=\"elementor-flip-box__layer elementor-flip-box__front\">\n\t\t\t\t<div class=\"elementor-flip-box__layer__overlay\">\n\t\t\t\t\t<div class=\"elementor-flip-box__layer__inner\">\n\t\t\t\t\t\t\t\t\t\t\t\t\t<div class=\"elementor-flip-box__image\">\n\t\t\t\t\t\t\t\t<img decoding=\"async\" width=\"64\" height=\"64\" src=\"https:\/\/icondh.org.br\/novo\/wp-content\/uploads\/2025\/08\/visao.svg\" class=\"attachment-full size-full wp-image-625\" alt=\"\" \/>\t\t\t\t\t\t\t<\/div>\n\t\t\t\t\t\t\n\t\t\t\t\t\t\t\t\t\t\t\t\t<h3 class=\"elementor-flip-box__layer__title\">\n\t\t\t\t\t\t\t\tVis\u00e3o\t\t\t\t\t\t\t<\/h3>\n\t\t\t\t\t\t\n\t\t\t\t\t\t\t\t\t\t\t<\/div>\n\t\t\t\t<\/div>\n\t\t\t<\/div>\n\t\t\t<div class=\"elementor-flip-box__layer elementor-flip-box__back\">\n\t\t\t<div class=\"elementor-flip-box__layer__overlay\">\n\t\t\t\t<div class=\"elementor-flip-box__layer__inner\">\n\t\t\t\t\t\t\t\t\t\t\t<h3 class=\"elementor-flip-box__layer__title\">\n\t\t\t\t\t\t\tVis\u00e3o\t\t\t\t\t\t<\/h3>\n\t\t\t\t\t\n\t\t\t\t\t\t\t\t\t\t\t<div class=\"elementor-flip-box__layer__description\">\n\t\t\t\t\t\t\tSer refer\u00eancia nacional na gera\u00e7\u00e3o e dissemina\u00e7\u00e3o de conhecimentos que transformam a realidade social, fortalecem a cidadania e modernizam a gest\u00e3o p\u00fablica.\t\t\t\t\t\t<\/div>\n\t\t\t\t\t\n\t\t\t\t\t\t\t\t<\/div>\n\t\t<\/div>\n\t\t<\/div>\n\t\t<\/div>\n\t\t\t\t\t\t<\/div>\n\t\t\t\t\t<\/div>\n\t\t\t\t<\/div>\n\t\t<div class=\"elementor-element elementor-element-d3cfd76 e-flex e-con-boxed e-con e-child\" data-id=\"d3cfd76\" data-element_type=\"container\" data-e-type=\"container\" data-settings=\"{&quot;background_background&quot;:&quot;classic&quot;}\">\n\t\t\t\t\t<div class=\"e-con-inner\">\n\t\t\t\t<div class=\"elementor-element elementor-element-36f169e elementor-flip-box--effect-flip elementor-flip-box--direction-up elementor-widget elementor-widget-flip-box\" data-id=\"36f169e\" data-element_type=\"widget\" data-e-type=\"widget\" data-widget_type=\"flip-box.default\">\n\t\t\t\t\t\t\t<div class=\"elementor-flip-box\" tabindex=\"0\">\n\t\t\t<div class=\"elementor-flip-box__layer elementor-flip-box__front\">\n\t\t\t\t<div class=\"elementor-flip-box__layer__overlay\">\n\t\t\t\t\t<div class=\"elementor-flip-box__layer__inner\">\n\t\t\t\t\t\t\t\t\t\t\t\t\t<div class=\"elementor-flip-box__image\">\n\t\t\t\t\t\t\t\t<img decoding=\"async\" width=\"64\" height=\"64\" src=\"https:\/\/icondh.org.br\/novo\/wp-content\/uploads\/2025\/08\/valores.svg\" class=\"attachment-full size-full wp-image-627\" alt=\"\" \/>\t\t\t\t\t\t\t<\/div>\n\t\t\t\t\t\t\n\t\t\t\t\t\t\t\t\t\t\t\t\t<h3 class=\"elementor-flip-box__layer__title\">\n\t\t\t\t\t\t\t\tValores\t\t\t\t\t\t\t<\/h3>\n\t\t\t\t\t\t\n\t\t\t\t\t\t\t\t\t\t\t<\/div>\n\t\t\t\t<\/div>\n\t\t\t<\/div>\n\t\t\t<div class=\"elementor-flip-box__layer elementor-flip-box__back\">\n\t\t\t<div class=\"elementor-flip-box__layer__overlay\">\n\t\t\t\t<div class=\"elementor-flip-box__layer__inner\">\n\t\t\t\t\t\t\t\t\t\t\t<h3 class=\"elementor-flip-box__layer__title\">\n\t\t\t\t\t\t\tMiss\u00e3o\t\t\t\t\t\t<\/h3>\n\t\t\t\t\t\n\t\t\t\t\t\t\t\t\t\t\t<div class=\"elementor-flip-box__layer__description\">\n\t\t\t\t\t\t\t<ul style=\"text-align: left;list-style-type: disc;padding-left: 1.25rem;margin: 0\">\n  <li>\u00c9tica e responsabilidade social<\/li>\n  <li>Transpar\u00eancia e integridade<\/li>\n  <li>Compromisso com o interesse p\u00fablico<\/li>\n  <li>Respeito \u00e0 diversidade e \u00e0 dignidade humana<\/li>\n  <li>Inova\u00e7\u00e3o e transforma\u00e7\u00e3o<\/li>\n  <li>Sustentabilidade e colabora\u00e7\u00e3o<\/li>\n<\/ul>\n\t\t\t\t\t\t<\/div>\n\t\t\t\t\t\n\t\t\t\t\t\t\t\t<\/div>\n\t\t<\/div>\n\t\t<\/div>\n\t\t<\/div>\n\t\t\t\t\t\t<\/div>\n\t\t\t\t\t<\/div>\n\t\t\t\t<\/div>\n\t\t\t\t\t<\/div>\n\t\t\t\t<\/div>\n\t\t<div class=\"elementor-element elementor-element-eecc38d e-flex e-con-boxed e-con e-parent\" data-id=\"eecc38d\" data-element_type=\"container\" data-e-type=\"container\">\n\t\t\t\t\t<div class=\"e-con-inner\">\n\t\t\t\t<div class=\"elementor-element elementor-element-1d154dc premium-header-inline premium-lq__none premium-box-lq__none elementor-widget elementor-widget-premium-addon-dual-header\" data-id=\"1d154dc\" data-element_type=\"widget\" data-e-type=\"widget\" data-widget_type=\"premium-addon-dual-header.default\">\n\t\t\t\t<div class=\"elementor-widget-container\">\n\t\t\t\t\t\n\t\t\t\t\t<h2 class=\"premium-dual-header-first-header \"><span class=\"premium-dual-header-first-span\">Governan\u00e7a <\/span><\/h2> \t\t\n\t\t\t\t\t\t<\/div>\n\t\t\t\t<\/div>\n\t\t<div class=\"elementor-element elementor-element-1f741a2 e-con-full e-flex e-con e-child\" data-id=\"1f741a2\" data-element_type=\"container\" data-e-type=\"container\">\n\t\t\t\t<div class=\"elementor-element elementor-element-8ec2f51 elementor-widget elementor-widget-premium-addon-button\" data-id=\"8ec2f51\" data-element_type=\"widget\" data-e-type=\"widget\" data-settings=\"{&quot;_animation_mobile&quot;:&quot;zoomIn&quot;}\" data-widget_type=\"premium-addon-button.default\">\n\t\t\t\t\t\n\n\t\t<a class=\"premium-button premium-button-style5 premium-btn-lg premium-button-style5-radialin\" href=\"#\">\n\t\t\t<div class=\"premium-button-text-icon-wrapper\">\n\t\t\t\t\n\t\t\t\t\t\t\t\t\t<span >\n\t\t\t\t\t\tEstatuto Social \t\t\t\t\t<\/span>\n\t\t\t\t\t\t\t<\/div>\n\n\t\t\t\n\t\t\t\n\t\t\t\n\t\t<\/a>\n\n\n\t\t\t\t\t\t<\/div>\n\t\t\t\t<div class=\"elementor-element elementor-element-7e81bfe elementor-widget elementor-widget-premium-addon-button\" data-id=\"7e81bfe\" data-element_type=\"widget\" data-e-type=\"widget\" data-settings=\"{&quot;_animation_mobile&quot;:&quot;zoomIn&quot;}\" data-widget_type=\"premium-addon-button.default\">\n\t\t\t\t\t\n\n\t\t<a class=\"premium-button premium-button-style5 premium-btn-lg premium-button-style5-radialin\" href=\"#\">\n\t\t\t<div class=\"premium-button-text-icon-wrapper\">\n\t\t\t\t\n\t\t\t\t\t\t\t\t\t<span >\n\t\t\t\t\t\tGest\u00e3o e Conselhos\t\t\t\t\t<\/span>\n\t\t\t\t\t\t\t<\/div>\n\n\t\t\t\n\t\t\t\n\t\t\t\n\t\t<\/a>\n\n\n\t\t\t\t\t\t<\/div>\n\t\t\t\t<div class=\"elementor-element elementor-element-d0f2705 elementor-widget elementor-widget-premium-addon-button\" data-id=\"d0f2705\" data-element_type=\"widget\" data-e-type=\"widget\" data-settings=\"{&quot;_animation_mobile&quot;:&quot;zoomIn&quot;}\" data-widget_type=\"premium-addon-button.default\">\n\t\t\t\t\t\n\n\t\t<a class=\"premium-button premium-button-style5 premium-btn-lg premium-button-style5-radialin\">\n\t\t\t<div class=\"premium-button-text-icon-wrapper\">\n\t\t\t\t\n\t\t\t\t\t\t\t\t\t<span >\n\t\t\t\t\t\tAcesso \u00e0 Informa\u00e7\u00e3o\t\t\t\t\t<\/span>\n\t\t\t\t\t\t\t<\/div>\n\n\t\t\t\n\t\t\t\n\t\t\t\n\t\t<\/a>\n\n\n\t\t\t\t\t\t<\/div>\n\t\t\t\t<\/div>\n\t\t\t\t\t<\/div>\n\t\t\t\t<\/div>\n\t\t\t\t<\/div>\n\t\t","protected":false},"excerpt":{"rendered":"<p>Sobre n\u00f3s Conhecimento que transforma. A\u00e7\u00e3o que constr\u00f3i. O\u00a0Instituto do Conhecimento, Desenvolvimento Humano e Social (ICONDH)\u00a0\u00e9 uma organiza\u00e7\u00e3o da sociedade civil, sem fins lucrativos, que atua na promo\u00e7\u00e3o do desenvolvimento humano e social por meio da educa\u00e7\u00e3o, pesquisa, inova\u00e7\u00e3o e fortalecimento das pol\u00edticas p\u00fablicas. Com sede em Cuiab\u00e1\/MT e atua\u00e7\u00e3o em todo o territ\u00f3rio nacional, [&hellip;]<\/p>\n","protected":false},"author":1,"featured_media":0,"parent":0,"menu_order":0,"comment_status":"closed","ping_status":"closed","template":"","meta":{"footnotes":""},"class_list":["post-293","page","type-page","status-publish","hentry"],"_links":{"self":[{"href":"https:\/\/icondh.org.br\/novo\/wp-json\/wp\/v2\/pages\/293","targetHints":{"allow":["GET"]}}],"collection":[{"href":"https:\/\/icondh.org.br\/novo\/wp-json\/wp\/v2\/pages"}],"about":[{"href":"https:\/\/icondh.org.br\/novo\/wp-json\/wp\/v2\/types\/page"}],"author":[{"embeddable":true,"href":"https:\/\/icondh.org.br\/novo\/wp-json\/wp\/v2\/users\/1"}],"replies":[{"embeddable":true,"href":"https:\/\/icondh.org.br\/novo\/wp-json\/wp\/v2\/comments?post=293"}],"version-history":[{"count":50,"href":"https:\/\/icondh.org.br\/novo\/wp-json\/wp\/v2\/pages\/293\/revisions"}],"predecessor-version":[{"id":826,"href":"https:\/\/icondh.org.br\/novo\/wp-json\/wp\/v2\/pages\/293\/revisions\/826"}],"wp:attachment":[{"href":"https:\/\/icondh.org.br\/novo\/wp-json\/wp\/v2\/media?parent=293"}],"curies":[{"name":"wp","href":"https:\/\/api.w.org\/{rel}","templated":true}]}}