{"id":21,"date":"2025-07-02T00:50:41","date_gmt":"2025-07-02T00:50:41","guid":{"rendered":"https:\/\/icondh.org.br\/novo\/?page_id=21"},"modified":"2025-08-15T18:42:16","modified_gmt":"2025-08-15T18:42:16","slug":"nossos-parceiros","status":"publish","type":"page","link":"https:\/\/icondh.org.br\/novo\/nossos-parceiros\/","title":{"rendered":"Nossos Parceiros"},"content":{"rendered":"\t\t<div data-elementor-type=\"wp-page\" data-elementor-id=\"21\" class=\"elementor elementor-21\" data-elementor-post-type=\"page\">\n\t\t\t\t<div class=\"elementor-element elementor-element-73acf8f e-flex e-con-boxed e-con e-parent\" data-id=\"73acf8f\" data-element_type=\"container\" data-e-type=\"container\" data-settings=\"{&quot;background_background&quot;:&quot;classic&quot;}\">\n\t\t\t\t\t<div class=\"e-con-inner\">\n\t\t\t\t<div class=\"elementor-element elementor-element-eb20112 premium-header-inline premium-lq__none premium-box-lq__none elementor-invisible elementor-widget elementor-widget-premium-addon-dual-header\" data-id=\"eb20112\" data-element_type=\"widget\" data-e-type=\"widget\" data-settings=\"{&quot;_animation&quot;:&quot;slideInUp&quot;}\" data-widget_type=\"premium-addon-dual-header.default\">\n\t\t\t\t<div class=\"elementor-widget-container\">\n\t\t\t\t\t\n\t\t\t\t\t<h2 class=\"premium-dual-header-first-header \"><span class=\"premium-dual-header-first-span\">Nossos <\/span><span class=\"premium-dual-header-second-header \">Parceiros<\/span><\/h2> \t\t\n\t\t\t\t\t\t<\/div>\n\t\t\t\t<\/div>\n\t\t\t\t<div class=\"elementor-element elementor-element-bf76fc4 elementor-widget__width-initial elementor-invisible elementor-widget elementor-widget-text-editor\" data-id=\"bf76fc4\" data-element_type=\"widget\" data-e-type=\"widget\" data-settings=\"{&quot;_animation&quot;:&quot;slideInUp&quot;}\" data-widget_type=\"text-editor.default\">\n\t\t\t\t\t\t\t\t\t<section id=\"comp-mb81o9l5\" class=\"Oqnisf comp-mb81o9l5 wixui-section\" tabindex=\"-1\" data-block-level-container=\"ClassicSection\" aria-label=\"main content\"><div class=\"\" data-mesh-id=\"comp-mb81o9l5inlineContent\" data-testid=\"inline-content\"><div data-mesh-id=\"comp-mb81o9l5inlineContent-gridContainer\" data-testid=\"mesh-container-content\"><section id=\"comp-mb81o9l91\" class=\"comp-mb81o9l91 CohWsy wixui-column-strip\"><div class=\"V5AUxf\" data-testid=\"columns\"><div id=\"comp-mb81o9lg\" class=\"comp-mb81o9lg YzqVVZ wixui-column-strip__column\"><div class=\"\" data-mesh-id=\"comp-mb81o9lginlineContent\" data-testid=\"inline-content\"><div data-mesh-id=\"comp-mb81o9lginlineContent-gridContainer\" data-testid=\"mesh-container-content\"><div id=\"comp-mbim48ee\" class=\"jbrj02 comp-mbim48ee\"><div class=\"\" data-mesh-id=\"comp-mbim48eeinlineContent\" data-testid=\"inline-content\"><div data-mesh-id=\"comp-mbim48eeinlineContent-gridContainer\" data-testid=\"mesh-container-content\"><div id=\"comp-mb81o9ls\" class=\"Z_l5lU ku3DBC zQ9jDz qvSjx3 Vq6kJx comp-mb81o9ls wixui-rich-text\" data-testid=\"richTextElement\"><p data-start=\"252\" data-end=\"314\">Conhecimento que transforma. A\u00e7\u00e3o que constr\u00f3i.<\/p><\/div><\/div><\/div><\/div><\/div><\/div><\/div><\/div><\/section><\/div><\/div><\/section>\t\t\t\t\t\t\t\t<\/div>\n\t\t\t\t\t<\/div>\n\t\t\t\t<\/div>\n\t\t<div class=\"elementor-element elementor-element-9c96647 e-flex e-con-boxed e-con e-parent\" data-id=\"9c96647\" data-element_type=\"container\" data-e-type=\"container\" data-settings=\"{&quot;background_background&quot;:&quot;classic&quot;}\">\n\t\t\t\t\t<div class=\"e-con-inner\">\n\t\t<div class=\"elementor-element elementor-element-0ca9844 e-con-full e-flex e-con e-child\" data-id=\"0ca9844\" data-element_type=\"container\" data-e-type=\"container\">\n\t\t\t\t<div class=\"elementor-element elementor-element-ba53d3c elementor-widget__width-initial elementor-widget elementor-widget-text-editor\" data-id=\"ba53d3c\" data-element_type=\"widget\" data-e-type=\"widget\" data-settings=\"{&quot;_animation_mobile&quot;:&quot;slideInUp&quot;}\" data-widget_type=\"text-editor.default\">\n\t\t\t\t\t\t\t\t\t<div class=\"elementor-element elementor-element-5164c525 elementor-widget elementor-widget-text-editor\" data-id=\"5164c525\" data-element_type=\"widget\" data-widget_type=\"text-editor.default\"><div class=\"elementor-widget-container\"><p>O Instituto <strong>ICONDH<\/strong> trabalha em parceria com organiza\u00e7\u00f5es p\u00fablicas e privadas, academia e outras organiza\u00e7\u00f5es da sociedade civil empenhadas em contribuir de maneira significativa com o desenvolvimento humano e social, o aprimoramento das pol\u00edticas p\u00fablicas e a moderniza\u00e7\u00e3o da gest\u00e3o p\u00fablica com foco nos resultados para o cidad\u00e3o.<\/p><\/div><\/div>\t\t\t\t\t\t\t\t<\/div>\n\t\t\t\t<\/div>\n\t\t<div class=\"elementor-element elementor-element-41fc7f8 e-con-full e-flex e-con e-child\" data-id=\"41fc7f8\" data-element_type=\"container\" data-e-type=\"container\">\n\t\t\t\t<div class=\"elementor-element elementor-element-43bc9b2 elementor-pagination-position-outside elementor-widget elementor-widget-image-carousel\" data-id=\"43bc9b2\" data-element_type=\"widget\" data-e-type=\"widget\" data-settings=\"{&quot;slides_to_show&quot;:&quot;1&quot;,&quot;navigation&quot;:&quot;dots&quot;,&quot;autoplay&quot;:&quot;yes&quot;,&quot;pause_on_hover&quot;:&quot;yes&quot;,&quot;pause_on_interaction&quot;:&quot;yes&quot;,&quot;autoplay_speed&quot;:5000,&quot;infinite&quot;:&quot;yes&quot;,&quot;effect&quot;:&quot;slide&quot;,&quot;speed&quot;:500}\" data-widget_type=\"image-carousel.default\">\n\t\t\t\t\t\t\t<div class=\"elementor-image-carousel-wrapper swiper\" role=\"region\" aria-roledescription=\"carousel\" aria-label=\"Carrossel de imagens\" dir=\"ltr\">\n\t\t\t<div class=\"elementor-image-carousel swiper-wrapper swiper-image-stretch\" aria-live=\"off\">\n\t\t\t\t\t\t\t\t<div class=\"swiper-slide\" role=\"group\" aria-roledescription=\"slide\" aria-label=\"1 de 2\"><figure class=\"swiper-slide-inner\"><img decoding=\"async\" class=\"swiper-slide-image\" src=\"https:\/\/icondh.org.br\/novo\/wp-content\/uploads\/2025\/07\/pocone.webp\" alt=\"pocone\" \/><\/figure><\/div><div class=\"swiper-slide\" role=\"group\" aria-roledescription=\"slide\" aria-label=\"2 de 2\"><figure class=\"swiper-slide-inner\"><img decoding=\"async\" class=\"swiper-slide-image\" src=\"https:\/\/icondh.org.br\/novo\/wp-content\/uploads\/2025\/07\/sapezal.webp\" alt=\"sapezal\" \/><\/figure><\/div>\t\t\t<\/div>\n\t\t\t\t\t\t\t\n\t\t\t\t\t\t\t\t\t<div class=\"swiper-pagination\"><\/div>\n\t\t\t\t\t\t\t\t\t<\/div>\n\t\t\t\t\t\t<\/div>\n\t\t\t\t<\/div>\n\t\t<div class=\"elementor-element elementor-element-be0c77c e-con-full e-flex e-con e-child\" data-id=\"be0c77c\" data-element_type=\"container\" data-e-type=\"container\">\n\t\t\t\t<div class=\"elementor-element elementor-element-2bf8bfd elementor-widget-mobile__width-inherit elementor-widget elementor-widget-premium-addon-button\" data-id=\"2bf8bfd\" data-element_type=\"widget\" data-e-type=\"widget\" data-settings=\"{&quot;_animation_mobile&quot;:&quot;none&quot;}\" data-widget_type=\"premium-addon-button.default\">\n\t\t\t\t\t\n\n\t\t<a class=\"premium-button premium-button-style2 premium-btn-md premium-button-style2-shutouthor\" href=\"https:\/\/icondh.org.br\/novo\/contato\/\" target=\"_blank\">\n\t\t\t<div class=\"premium-button-text-icon-wrapper\">\n\t\t\t\t\n\t\t\t\t\t\t\t\t\t<span >\n\t\t\t\t\t\tQuero ser parceiro!\t\t\t\t\t<\/span>\n\t\t\t\t\t\t\t<\/div>\n\n\t\t\t\n\t\t\t\n\t\t\t\n\t\t<\/a>\n\n\n\t\t\t\t\t\t<\/div>\n\t\t\t\t<\/div>\n\t\t\t\t\t<\/div>\n\t\t\t\t<\/div>\n\t\t\t\t<\/div>\n\t\t","protected":false},"excerpt":{"rendered":"<p>Nossos Parceiros Conhecimento que transforma. A\u00e7\u00e3o que constr\u00f3i. O Instituto ICONDH trabalha em parceria com organiza\u00e7\u00f5es p\u00fablicas e privadas, academia e outras organiza\u00e7\u00f5es da sociedade civil empenhadas em contribuir de maneira significativa com o desenvolvimento humano e social, o aprimoramento das pol\u00edticas p\u00fablicas e a moderniza\u00e7\u00e3o da gest\u00e3o p\u00fablica com foco nos resultados para o [&hellip;]<\/p>\n","protected":false},"author":1,"featured_media":0,"parent":0,"menu_order":0,"comment_status":"closed","ping_status":"closed","template":"","meta":{"footnotes":""},"class_list":["post-21","page","type-page","status-publish","hentry"],"_links":{"self":[{"href":"https:\/\/icondh.org.br\/novo\/wp-json\/wp\/v2\/pages\/21","targetHints":{"allow":["GET"]}}],"collection":[{"href":"https:\/\/icondh.org.br\/novo\/wp-json\/wp\/v2\/pages"}],"about":[{"href":"https:\/\/icondh.org.br\/novo\/wp-json\/wp\/v2\/types\/page"}],"author":[{"embeddable":true,"href":"https:\/\/icondh.org.br\/novo\/wp-json\/wp\/v2\/users\/1"}],"replies":[{"embeddable":true,"href":"https:\/\/icondh.org.br\/novo\/wp-json\/wp\/v2\/comments?post=21"}],"version-history":[{"count":40,"href":"https:\/\/icondh.org.br\/novo\/wp-json\/wp\/v2\/pages\/21\/revisions"}],"predecessor-version":[{"id":813,"href":"https:\/\/icondh.org.br\/novo\/wp-json\/wp\/v2\/pages\/21\/revisions\/813"}],"wp:attachment":[{"href":"https:\/\/icondh.org.br\/novo\/wp-json\/wp\/v2\/media?parent=21"}],"curies":[{"name":"wp","href":"https:\/\/api.w.org\/{rel}","templated":true}]}}